{"id":1863,"date":"2014-11-06T07:17:34","date_gmt":"2014-11-06T07:17:34","guid":{"rendered":"http:\/\/biblioteka.vlo.poznan.pl\/?page_id=1863"},"modified":"2014-11-06T07:29:17","modified_gmt":"2014-11-06T07:29:17","slug":"dla-maturzystow","status":"publish","type":"page","link":"https:\/\/biblioteka.vlo.poznan.pl\/?page_id=1863","title":{"rendered":"Wolne lektury"},"content":{"rendered":"<p>Polecamy Wam stron\u0119<a href=\" http:\/\/wolnelektury.pl\/\"> http:\/\/wolnelektury.pl\/<\/a><\/p>\n<p><strong>Wolne Lektury to biblioteka internetowa czynna 24 godziny na dob\u0119, 365 dni w roku, kt\u00f3rej zasoby dost\u0119pne s\u0105 ca\u0142kowicie za darmo<\/strong>. W jej zbiorach znajduje si\u0119 <strong>2648<\/strong> utwor\u00f3w, w tym wiele lektur szkolnych zalecanych do u\u017cytku przez Ministerstwo Edukacji Narodowej, kt\u00f3re trafi\u0142y ju\u017c do domeny publicznej. Wszystkie dzie\u0142a s\u0105 odpowiednio opracowane &#8211; opatrzone przypisami, motywami i udost\u0119pnione w kilku formatach &#8211; <strong>HTML <\/strong>, <strong>TXT <\/strong>, <strong>PDF<\/strong>,<strong> EPUB<\/strong>, <strong>MOBI<\/strong>, <strong> FB2<\/strong>. W bibliotece znajduje si\u0119 r\u00f3wnie\u017c kilkaset audiobook\u00f3w, czytanych przez takich aktor\u00f3w jak: Danuta Stenka, Jan Peszek czy Andrzej Chyra. Mo\u017cna ich s\u0142ucha\u0107 w formatach <strong>MP3<\/strong> i <strong>Ogg Vorbis<\/strong>. Audiobooki s\u0105 r\u00f3wnie\u017c dost\u0119pne w formacie <strong>DAISY <\/strong>dostosowanym do potrzeb os\u00f3b s\u0142abowidz\u0105cych, niewidomych oraz os\u00f3b maj\u0105cych trudno\u015bci z czytaniem.<\/p>\n<p>Wolne Lektury s\u0105 r\u00f3wnie\u017c dostosowane do u\u017cywania na urz\u0105dzeniach mobilnych.<\/p>\n<p><strong>Wszystkie utwory zamieszczone w bibliotece Wolne Lektury mo\u017cna zgodnie z prawem bezp\u0142atnie przegl\u0105da\u0107, s\u0142ucha\u0107, \u015bci\u0105ga\u0107 na sw\u00f3j komputer, a tak\u017ce udost\u0119pnia\u0107 innym i cytowa\u0107.<\/strong><\/p>\n<p>Wolne Lektury to projekt fundacji Nowoczesna Polska realizowany pro publico bono, we wsp\u00f3\u0142pracy z Bibliotek\u0105 Narodow\u0105, Bibliotek\u0105 \u015alask\u0105 oraz Bibliotek\u0105 Elbl\u0105sk\u0105 pod patronatem Ministerstwa Edukacji Narodowej, Ministerstwa Kultury i Dziedzictwa Narodowego oraz Stowarzyszenia Pisarzy Polskich. W Komitecie Honorowym Wolnych Lektur zasiadaj\u0105: prof. Maria Janion, prof. Gra\u017cyna Borkowska, prof. Przemys\u0142aw Czapli\u0144ski, prof. Mieczys\u0142aw D\u0105browski, prof. Ewa Kraskowska, prof. Ma\u0142gorzata Czermi\u0144ska, prof. Jerzy Jarz\u0119bski i prof. Piotr \u015aliwi\u0144ski.<\/p>\n<p>Wi\u0119kszo\u015b\u0107 utwor\u00f3w w bibliotece nie jest obj\u0119ta maj\u0105tkowym prawem autorskim i znajduje si\u0119 w domenie publicznej, co oznacza \u017ce mo\u017cna je swobodnie publikowa\u0107 i rozpowszechnia\u0107.<\/p>\n<p>Nagrania audiobook\u00f3w podlegaj\u0105ce ochronie praw pokrewnych do artystycznych wykona\u0144 i fonogram\u00f3w oraz dodatkowe materia\u0142y w tek\u015bcie &#8211; przypisy i motywy literackie, udost\u0119pnione s\u0105 na licencji <a href=\"http:\/\/creativecommons.org\/licenses\/by-sa\/3.0\/deed.pl\">CC Uznanie autorstwa-Na tych samych warunkach 3.0.<\/a> Publikujemy r\u00f3wnie\u017c kilka utwor\u00f3w, kt\u00f3re autorzy lub spadkobiercy praw udost\u0119pnili na wolnej licencji <a href=\"http:\/\/creativecommons.org\/licenses\/by-sa\/3.0\/deed.pl\">CC Uznanie autorstwa-Na tych samych warunkach 3.0<\/a>.<\/p>\n","protected":false},"excerpt":{"rendered":"<p>Polecamy Wam stron\u0119 http:\/\/wolnelektury.pl\/ Wolne Lektury to biblioteka internetowa czynna 24 godziny na dob\u0119, 365 dni w roku, kt\u00f3rej zasoby dost\u0119pne s\u0105 ca\u0142kowicie za darmo. W jej zbiorach znajduje si\u0119 2648 utwor\u00f3w, w tym wiele lektur szkolnych zalecanych do u\u017cytku przez Ministerstwo Edukacji Narodowej, kt\u00f3re trafi\u0142y ju\u017c do domeny publicznej. Wszystkie dzie\u0142a s\u0105 odpowiednio opracowane [&hellip;]<\/p>\n","protected":false},"author":3,"featured_media":0,"parent":0,"menu_order":0,"comment_status":"closed","ping_status":"open","template":"","meta":{"footnotes":""},"class_list":["post-1863","page","type-page","status-publish","hentry"],"_links":{"self":[{"href":"https:\/\/biblioteka.vlo.poznan.pl\/index.php?rest_route=\/wp\/v2\/pages\/1863","targetHints":{"allow":["GET"]}}],"collection":[{"href":"https:\/\/biblioteka.vlo.poznan.pl\/index.php?rest_route=\/wp\/v2\/pages"}],"about":[{"href":"https:\/\/biblioteka.vlo.poznan.pl\/index.php?rest_route=\/wp\/v2\/types\/page"}],"author":[{"embeddable":true,"href":"https:\/\/biblioteka.vlo.poznan.pl\/index.php?rest_route=\/wp\/v2\/users\/3"}],"replies":[{"embeddable":true,"href":"https:\/\/biblioteka.vlo.poznan.pl\/index.php?rest_route=%2Fwp%2Fv2%2Fcomments&post=1863"}],"version-history":[{"count":4,"href":"https:\/\/biblioteka.vlo.poznan.pl\/index.php?rest_route=\/wp\/v2\/pages\/1863\/revisions"}],"predecessor-version":[{"id":2128,"href":"https:\/\/biblioteka.vlo.poznan.pl\/index.php?rest_route=\/wp\/v2\/pages\/1863\/revisions\/2128"}],"wp:attachment":[{"href":"https:\/\/biblioteka.vlo.poznan.pl\/index.php?rest_route=%2Fwp%2Fv2%2Fmedia&parent=1863"}],"curies":[{"name":"wp","href":"https:\/\/api.w.org\/{rel}","templated":true}]}}