{"id":17,"date":"2010-04-13T11:14:58","date_gmt":"2010-04-13T11:14:58","guid":{"rendered":"http:\/\/biblioteka.vlo.poznan.pl\/?page_id=17"},"modified":"2025-02-25T08:04:23","modified_gmt":"2025-02-25T08:04:23","slug":"historia-naszej-biblioteki","status":"publish","type":"page","link":"https:\/\/biblioteka.vlo.poznan.pl\/?page_id=17","title":{"rendered":"Historia naszej biblioteki"},"content":{"rendered":"<h2 style=\"text-align: center;\">1939<\/h2>\n<p style=\"text-align: left;\">&#8222;Z chwil\u0105 wej\u015bcia Niemc\u00f3w do Poznania Klaudynki zabiera\u0142y najcenniejsze ksi\u0105\u017cki z biblioteki oraz pomoce naukowe do domu (s\u0142u\u017cy\u0142y one potem dla k\u00f3\u0142ek samokszta\u0142ceniowych)&#8221;<\/p>\n<p style=\"text-align: right;\">Monografia szko\u0142y, s.14<\/p>\n<h2 style=\"text-align: center;\">1945<\/h2>\n<p style=\"text-align: left;\">&#8222;Po wojnie wznowiono prace szko\u0142y. Zaj\u0119cia odbywa\u0142y si\u0119 w budynku przy ulicy Przemys\u0142owej 46. &#8230;Rodzice, uczennice, nauczyciele w\u0142asnymi si\u0142ami remontowali szko\u0142\u0119, \u015bci\u0105gali sprz\u0119t szkolny, gromadzili ksi\u0105\u017cki zeszyty, o\u0142\u00f3wki&#8221;<\/p>\n<p style=\"text-align: left;\">Monografia szko\u0142y, s.20<\/p>\n<h2 style=\"text-align: center;\">1948<\/h2>\n<p style=\"text-align: left;\">W maju za\u0142o\u017cono ksi\u0119g\u0119 inwentarzow\u0105 druk\u00f3w biblioteki. Zbiory na ten dzie\u0144 liczy\u0142y oko\u0142o 1380 volumin\u00f3w. Pierwsze nazwisko bibliotekarza, jakie pojawia si\u0119 w kronice szko\u0142y, to pani Staniewiczowa, kt\u00f3ra \u0142\u0105czy\u0142a funkcj\u0119 nauczyciela j\u0119zyka polskiego i bibliotekarza.<\/p>\n<h2 style=\"text-align: center;\">1964<\/h2>\n<p style=\"text-align: left;\">W murach nowego liceum umieszczono akt erekcyjny. Zako\u0144czenie budowy nast\u0105pi\u0142o w pa\u017adzierniku 1965r. W kronice szko\u0142y zapisano &#8222;Nowe Liceum dysponuje 16 izbami lekcyjnymi, 9 pracowniami przedmiotowymi, du\u017c\u0105 \u015bwietlic\u0105, bibliotek\u0105, czytelni\u0105, sal\u0105 gimnastyczn\u0105.&#8221; Ksi\u0119gozbi\u00f3r biblioteczny liczy\u0142 oko\u0142o 12380 volumin\u00f3w.<\/p>\n<h2>\u00a0 \u00a0 \u00a0 \u00a0 \u00a0 \u00a0 \u00a0 \u00a0 \u00a0 \u00a0 \u00a0 \u00a0 \u00a0 \u00a0 \u00a0 \u00a0 \u00a0 \u00a0 \u00a0 \u00a0 \u00a0 \u00a0 \u00a0 \u00a0 \u00a0 \u00a0 \u00a0 \u00a0 \u00a0 \u00a01986<\/h2>\n<p style=\"text-align: left;\">W kronice szkolnej zapisano: &#8222;W tym miejscu nale\u017cy podkre\u015bli\u0107, \u017ce staraniem dyrekcji w pa\u017adzierniku 1985r. rozpocz\u0119to budow\u0119 wa\u017cnego &#8230;budynku. B\u0119dzie w nim biblioteka z czytelnia, klub dla organizacji m\u0142odzie\u017cowych i szatnia. &#8222;Ksi\u0119gozbi\u00f3r liczy\u0142 oko\u0142o 20640 volumin\u00f3w i mie\u015bci\u0142 si\u0119 z trudem w jednej sali lekcyjnej (sala 109)<\/p>\n<h2 style=\"text-align: center;\">\u00a0 2002<\/h2>\n<p>Biblioteka otrzyma\u0142a komputer z oprogramowaniem MOL.<\/p>\n<h2 style=\"text-align: center;\">2003<\/h2>\n<p style=\"text-align: left;\">W naszej czytelni zasta\u0142a otwarta pracownia multimedialna oraz kawiarenka internetowa.<\/p>\n<h2 style=\"text-align: center;\">2004<\/h2>\n<p style=\"text-align: left;\">Ksi\u0119gozbi\u00f3r liczy oko\u0142o 25150 volumin\u00f3w r\u00f3\u017cnorodnej literatury w j\u0119zyku polskim oraz niemieckim i angielskim. Pochodz\u0105 one m. in. z dar\u00f3w profesor\u00f3w i uczni\u00f3w naszej szko\u0142y, sponsor\u00f3w prywatnych, Biblioteki Uniwersyteckiej, Instytutu Goethe\u2019go w Hanoverze. Zbi\u00f3r jest uzupe\u0142niany dzi\u0119ki funduszom pochodz\u0105cym od Rady Rodzic\u00f3w. Biblioteka dysponuje bogatym zbiorem wydawnictw albumowych, a tak\u017ce s\u0142ownik\u00f3w, leksykon\u00f3w i encyklopedii oraz kaset video.<\/p>\n<h2 style=\"text-align: center;\">2005-2006<\/h2>\n<p style=\"text-align: left;\">Rozpocz\u0119\u0142a prac\u0119 mgr Gra\u017cyna Woda\u0142a &#8211; doradca metodyczny ds. bibliotek szkolnych<\/p>\n<h2 style=\"text-align: center;\">2006-2007<\/h2>\n<p style=\"text-align: left;\">Rozpocz\u0119\u0142a prac\u0119 mgr Iwona Wierzba<\/p>\n<h2 style=\"text-align: center;\">2007-2008<\/h2>\n<p>Na emerytur\u0119 odesz\u0142y p. Zofia Drzyma\u0142a-Meller i Krystyna Kowala.<br \/>Modernizacja lokalu bibliotecznego.<br \/>Malowanie (patrz zdj\u0119cia).<br \/>Skontrum zbior\u00f3w.<\/p>\n<h2 style=\"text-align: center;\">2021<\/h2>\n<h2 style=\"text-align: center;\">Modernizacja wypo\u017cyczalni i czytelni<\/h2>\n<p>\u00a0<\/p>\n<h2 style=\"text-align: center;\">NASI BIBLIOTEKARZE:<\/h2>\n<p style=\"text-align: left;\">1948\u00a0 &#8211; Pani Staniewiczowa<br \/>1964 &#8211; El\u017cbieta Jasiewicz<br \/>1967 &#8211; Anna Waszkiewicz<br \/>1969 &#8211; Maria Skibi\u0144ska<br \/>1977 &#8211; Danuta Kobek<br \/>1979 &#8211; Zofia Kalinowska<br \/>1984 &#8211; Aleksandra \u015alak<br \/>1985 &#8211; 2007 Zofia Drzyma\u0142a-Meller<br \/>198.. &#8211; Krystyna Kowala<br \/>2005 &#8211; 2024 Gra\u017cyna Woda\u0142a<br \/>2007 &#8211; 2023 Iwona Wierzba<\/p>\n<p>do 2021 Izabela Lenartowicz<\/p>\n<p>2021 &#8211;\u00a0 Monika Wojewoda &#8211; Kr\u00f3liczak<\/p>\n<p>2024 &#8211; Maria Kr\u00f3liczak<\/p>\n<p style=\"text-align: left;\">Tak by\u0142o:<\/p>\n<p><a href=\"http:\/\/www.vlo.poznan.pl\/biblioteka\/wp-content\/uploads\/2010\/04\/magazyn-przed-remontem.jpg\"><img loading=\"lazy\" decoding=\"async\" class=\" wp-image-2185 alignleft\" title=\"Magazyn - tak by\u0142o\" src=\"http:\/\/www.vlo.poznan.pl\/biblioteka\/wp-content\/uploads\/2010\/04\/magazyn-przed-remontem-196x300.jpg\" alt=\"magazyn przed remontem\" width=\"132\" height=\"202\" srcset=\"https:\/\/biblioteka.vlo.poznan.pl\/wp-content\/uploads\/2010\/04\/magazyn-przed-remontem-196x300.jpg 196w, https:\/\/biblioteka.vlo.poznan.pl\/wp-content\/uploads\/2010\/04\/magazyn-przed-remontem-669x1024.jpg 669w, https:\/\/biblioteka.vlo.poznan.pl\/wp-content\/uploads\/2010\/04\/magazyn-przed-remontem.jpg 1397w\" sizes=\"auto, (max-width: 132px) 100vw, 132px\" \/><\/a>\u00a0\u00a0\u00a0\u00a0\u00a0 <a href=\"http:\/\/www.vlo.poznan.pl\/biblioteka\/wp-content\/uploads\/2010\/04\/stara-czytelnia.jpg\"><img loading=\"lazy\" decoding=\"async\" class=\"wp-image-2186 alignleft\" title=\"Stara czytelnia\" src=\"http:\/\/www.vlo.poznan.pl\/biblioteka\/wp-content\/uploads\/2010\/04\/stara-czytelnia-300x212.jpg\" alt=\"\" width=\"240\" height=\"170\" srcset=\"https:\/\/biblioteka.vlo.poznan.pl\/wp-content\/uploads\/2010\/04\/stara-czytelnia-300x212.jpg 300w, https:\/\/biblioteka.vlo.poznan.pl\/wp-content\/uploads\/2010\/04\/stara-czytelnia-1024x724.jpg 1024w\" sizes=\"auto, (max-width: 240px) 100vw, 240px\" \/><\/a><\/p>\n<p><a href=\"http:\/\/www.vlo.poznan.pl\/biblioteka\/wp-content\/uploads\/2010\/04\/Zosia-Meller.jpg\"><img loading=\"lazy\" decoding=\"async\" class=\" wp-image-2187 alignleft\" title=\"Stara wypo\u017cyczalnia\" src=\"http:\/\/www.vlo.poznan.pl\/biblioteka\/wp-content\/uploads\/2010\/04\/Zosia-Meller-300x196.jpg\" alt=\"Zosia Meller\" width=\"307\" height=\"200\" srcset=\"https:\/\/biblioteka.vlo.poznan.pl\/wp-content\/uploads\/2010\/04\/Zosia-Meller-300x196.jpg 300w, https:\/\/biblioteka.vlo.poznan.pl\/wp-content\/uploads\/2010\/04\/Zosia-Meller-1024x670.jpg 1024w\" sizes=\"auto, (max-width: 307px) 100vw, 307px\" \/><\/a><a href=\"http:\/\/www.vlo.poznan.pl\/biblioteka\/wp-content\/uploads\/2010\/04\/przed-przemeblowaniem.jpg\"><img loading=\"lazy\" decoding=\"async\" class=\" wp-image-2188 alignleft\" title=\"Przed przemeblowaniem\" src=\"http:\/\/www.vlo.poznan.pl\/biblioteka\/wp-content\/uploads\/2010\/04\/przed-przemeblowaniem-168x300.jpg\" alt=\"\" width=\"134\" height=\"236\" \/><\/a><\/p>\n<p style=\"text-align: left;\">\u00a0Malowanie i modernizacja lokalu bibliotecznego.<\/p>\n<p style=\"text-align: center;\"><a href=\"http:\/\/www.vlo.poznan.pl\/biblioteka\/wp-content\/uploads\/2010\/04\/Nagroda-i-my.jpg\"><img loading=\"lazy\" decoding=\"async\" class=\"wp-image-2189 alignleft\" title=\"Klaudyna na \u015bcianie\" src=\"http:\/\/www.vlo.poznan.pl\/biblioteka\/wp-content\/uploads\/2010\/04\/Nagroda-i-my-300x200.jpg\" alt=\"\" width=\"210\" height=\"140\" srcset=\"https:\/\/biblioteka.vlo.poznan.pl\/wp-content\/uploads\/2010\/04\/Nagroda-i-my-300x200.jpg 300w, https:\/\/biblioteka.vlo.poznan.pl\/wp-content\/uploads\/2010\/04\/Nagroda-i-my-1024x685.jpg 1024w\" sizes=\"auto, (max-width: 210px) 100vw, 210px\" \/><\/a><\/p>\n<p style=\"text-align: center;\"><a href=\"http:\/\/www.vlo.poznan.pl\/biblioteka\/wp-content\/uploads\/2010\/04\/Klaudyna.jpg\"><img loading=\"lazy\" decoding=\"async\" class=\"wp-image-2190 alignleft\" src=\"http:\/\/www.vlo.poznan.pl\/biblioteka\/wp-content\/uploads\/2010\/04\/Klaudyna-300x200.jpg\" alt=\"SONY DSC\" width=\"210\" height=\"140\" srcset=\"https:\/\/biblioteka.vlo.poznan.pl\/wp-content\/uploads\/2010\/04\/Klaudyna-300x200.jpg 300w, https:\/\/biblioteka.vlo.poznan.pl\/wp-content\/uploads\/2010\/04\/Klaudyna-1024x685.jpg 1024w\" sizes=\"auto, (max-width: 210px) 100vw, 210px\" \/><\/a><\/p>\n<p style=\"text-align: center;\"><a href=\"http:\/\/www.vlo.poznan.pl\/biblioteka\/wp-content\/uploads\/2010\/04\/Klaudyna-na-\u015bcianie.jpg\"><img loading=\"lazy\" decoding=\"async\" class=\"wp-image-2191 alignleft\" src=\"http:\/\/www.vlo.poznan.pl\/biblioteka\/wp-content\/uploads\/2010\/04\/Klaudyna-na-\u015bcianie-300x200.jpg\" alt=\"SONY DSC\" width=\"210\" height=\"140\" srcset=\"https:\/\/biblioteka.vlo.poznan.pl\/wp-content\/uploads\/2010\/04\/Klaudyna-na-\u015bcianie-300x200.jpg 300w, https:\/\/biblioteka.vlo.poznan.pl\/wp-content\/uploads\/2010\/04\/Klaudyna-na-\u015bcianie-1024x685.jpg 1024w\" sizes=\"auto, (max-width: 210px) 100vw, 210px\" \/><\/a><\/p>\n<p>\u00a0<\/p>\n<p><strong><a href=\"http:\/\/www.vlo.poznan.pl\/biblioteka\/wp-content\/uploads\/2010\/04\/PODZI\u0118KOWANIE.doc\">PP<\/a><\/strong><\/p>\n<p>\u00a0<\/p>\n<p><strong><a href=\"http:\/\/www.vlo.poznan.pl\/biblioteka\/wp-content\/uploads\/2010\/04\/PODZI\u0118KOWANIE.doc\">PODZI\u0118KOWANIE DLA FIRMY ATIS<\/a><\/strong><\/p>\n<p style=\"text-align: left;\"><a href=\"http:\/\/www.vlo.poznan.pl\/biblioteka\/wp-content\/uploads\/2010\/04\/IMG_0005.jpg\"><img loading=\"lazy\" decoding=\"async\" class=\"size-medium wp-image-2282 alignleft\" src=\"http:\/\/www.vlo.poznan.pl\/biblioteka\/wp-content\/uploads\/2010\/04\/IMG_0005-212x300.jpg\" alt=\"IMG_0005\" width=\"212\" height=\"300\" srcset=\"https:\/\/biblioteka.vlo.poznan.pl\/wp-content\/uploads\/2010\/04\/IMG_0005-212x300.jpg 212w, https:\/\/biblioteka.vlo.poznan.pl\/wp-content\/uploads\/2010\/04\/IMG_0005-724x1024.jpg 724w\" sizes=\"auto, (max-width: 212px) 100vw, 212px\" \/><\/a><a href=\"http:\/\/www.vlo.poznan.pl\/biblioteka\/wp-content\/uploads\/2010\/04\/IMG_0006.jpg\"><img loading=\"lazy\" decoding=\"async\" class=\"size-medium wp-image-2283 alignleft\" src=\"http:\/\/www.vlo.poznan.pl\/biblioteka\/wp-content\/uploads\/2010\/04\/IMG_0006-212x300.jpg\" alt=\"IMG_0006\" width=\"212\" height=\"300\" srcset=\"https:\/\/biblioteka.vlo.poznan.pl\/wp-content\/uploads\/2010\/04\/IMG_0006-212x300.jpg 212w, https:\/\/biblioteka.vlo.poznan.pl\/wp-content\/uploads\/2010\/04\/IMG_0006-724x1024.jpg 724w\" sizes=\"auto, (max-width: 212px) 100vw, 212px\" \/><\/a><a href=\"http:\/\/www.vlo.poznan.pl\/biblioteka\/wp-content\/uploads\/2010\/04\/IMG_0007.jpg\"><img loading=\"lazy\" decoding=\"async\" class=\"size-medium wp-image-2284 alignleft\" src=\"http:\/\/www.vlo.poznan.pl\/biblioteka\/wp-content\/uploads\/2010\/04\/IMG_0007-212x300.jpg\" alt=\"IMG_0007\" width=\"212\" height=\"300\" srcset=\"https:\/\/biblioteka.vlo.poznan.pl\/wp-content\/uploads\/2010\/04\/IMG_0007-212x300.jpg 212w, https:\/\/biblioteka.vlo.poznan.pl\/wp-content\/uploads\/2010\/04\/IMG_0007-724x1024.jpg 724w\" sizes=\"auto, (max-width: 212px) 100vw, 212px\" \/><\/a><\/p>\n<p style=\"text-align: left;\"><strong>Dzi\u0119ki darowi\u017anie Firmy ATIS dokona\u0142y\u015bmy przemeblowania biblioteki (pocz\u0105tek 2011 r.).<\/strong><\/p>\n<p style=\"text-align: left;\"><strong>Przedtem dosta\u0142y\u015bmy now\u0105 wyk\u0142adzin\u0119 i lampy w wypo\u017cyczalni.<\/strong><\/p>\n<p>\u00a0<\/p>\n<p>\u00a0<\/p>\n<p>\u00a0<\/p>\n<p>\u00a0<\/p>\n<p>\u00a0<\/p>\n<p>\u00a0<\/p>\n<p>\u00a0<\/p>\n<p>\u00a0<\/p>\n<p>\u00a0<\/p>\n<p>\u00a0<\/p>\n<p>\u00a0<\/p>\n<p>\u00a0<\/p>\n<p>\u00a0<\/p>\n<p>\u00a0<\/p>\n<p>\u00a0<\/p>\n<p>\u00a0<\/p>\n<p>\u00a0<\/p>\n<p>\u00a0<\/p>\n<p>\u00a0<\/p>\n<p>\u00a0<\/p>\n<p>\u00a0<\/p>\n<p><strong>Remont i nowy wystr\u00f3j wypo\u017cyczalni 2022<\/strong><\/p>\n\n\n<figure class=\"wp-block-image size-large is-resized is-style-default\"><a href=\"https:\/\/biblioteka.vlo.poznan.pl\/wp-content\/uploads\/2023\/01\/otwarcie-po-remoncie.jpeg\"><img loading=\"lazy\" decoding=\"async\" src=\"https:\/\/biblioteka.vlo.poznan.pl\/wp-content\/uploads\/2023\/01\/otwarcie-po-remoncie-766x1024.jpeg\" alt=\"\" class=\"wp-image-4510\" width=\"276\" height=\"369\" srcset=\"https:\/\/biblioteka.vlo.poznan.pl\/wp-content\/uploads\/2023\/01\/otwarcie-po-remoncie-766x1024.jpeg 766w, https:\/\/biblioteka.vlo.poznan.pl\/wp-content\/uploads\/2023\/01\/otwarcie-po-remoncie-224x300.jpeg 224w, https:\/\/biblioteka.vlo.poznan.pl\/wp-content\/uploads\/2023\/01\/otwarcie-po-remoncie-768x1027.jpeg 768w, https:\/\/biblioteka.vlo.poznan.pl\/wp-content\/uploads\/2023\/01\/otwarcie-po-remoncie-1148x1536.jpeg 1148w, https:\/\/biblioteka.vlo.poznan.pl\/wp-content\/uploads\/2023\/01\/otwarcie-po-remoncie.jpeg 1531w\" sizes=\"auto, (max-width: 276px) 100vw, 276px\" \/><\/a><figcaption class=\"wp-element-caption\">Pani Dyr. Barbara P\u0142otkowiak uroczy\u015bcie rozwi\u0105zuje kokard\u0119 na znak otwarcia od\u015bwie\u017conej wypo\u017cyczalni \ud83d\ude42<\/figcaption><\/figure>\n\n\n\n<figure class=\"wp-block-image size-large is-resized is-style-default\"><a href=\"https:\/\/biblioteka.vlo.poznan.pl\/wp-content\/uploads\/2023\/01\/remont.jpeg\"><img loading=\"lazy\" decoding=\"async\" src=\"https:\/\/biblioteka.vlo.poznan.pl\/wp-content\/uploads\/2023\/01\/remont-1024x600.jpeg\" alt=\"\" class=\"wp-image-4512\" width=\"432\" height=\"253\" srcset=\"https:\/\/biblioteka.vlo.poznan.pl\/wp-content\/uploads\/2023\/01\/remont-1024x600.jpeg 1024w, https:\/\/biblioteka.vlo.poznan.pl\/wp-content\/uploads\/2023\/01\/remont-300x176.jpeg 300w, https:\/\/biblioteka.vlo.poznan.pl\/wp-content\/uploads\/2023\/01\/remont-768x450.jpeg 768w, https:\/\/biblioteka.vlo.poznan.pl\/wp-content\/uploads\/2023\/01\/remont-1536x900.jpeg 1536w, https:\/\/biblioteka.vlo.poznan.pl\/wp-content\/uploads\/2023\/01\/remont.jpeg 2036w\" sizes=\"auto, (max-width: 432px) 100vw, 432px\" \/><\/a><figcaption class=\"wp-element-caption\">Uroczyste otwarcie wypo\u017cyczalni po remoncie &#8211; od lewej Iwona Wierzba, Gra\u017cyna Woda\u0142a, Monika Wojewoda-Kr\u00f3liczak, Adam Babicz i Pani Dyrektor Barbara P\u0142otkowiak<\/figcaption><\/figure>\n\n\n","protected":false},"excerpt":{"rendered":"<p>1939 &#8222;Z chwil\u0105 wej\u015bcia Niemc\u00f3w do Poznania Klaudynki zabiera\u0142y najcenniejsze ksi\u0105\u017cki z biblioteki oraz pomoce naukowe do domu (s\u0142u\u017cy\u0142y one potem dla k\u00f3\u0142ek samokszta\u0142ceniowych)&#8221; Monografia szko\u0142y, s.14 1945 &#8222;Po wojnie wznowiono prace szko\u0142y. Zaj\u0119cia odbywa\u0142y si\u0119 w budynku przy ulicy Przemys\u0142owej 46. &#8230;Rodzice, uczennice, nauczyciele w\u0142asnymi si\u0142ami remontowali szko\u0142\u0119, \u015bci\u0105gali sprz\u0119t szkolny, gromadzili ksi\u0105\u017cki zeszyty, [&hellip;]<\/p>\n","protected":false},"author":1,"featured_media":0,"parent":0,"menu_order":0,"comment_status":"open","ping_status":"open","template":"","meta":{"footnotes":""},"class_list":["post-17","page","type-page","status-publish","hentry"],"_links":{"self":[{"href":"https:\/\/biblioteka.vlo.poznan.pl\/index.php?rest_route=\/wp\/v2\/pages\/17","targetHints":{"allow":["GET"]}}],"collection":[{"href":"https:\/\/biblioteka.vlo.poznan.pl\/index.php?rest_route=\/wp\/v2\/pages"}],"about":[{"href":"https:\/\/biblioteka.vlo.poznan.pl\/index.php?rest_route=\/wp\/v2\/types\/page"}],"author":[{"embeddable":true,"href":"https:\/\/biblioteka.vlo.poznan.pl\/index.php?rest_route=\/wp\/v2\/users\/1"}],"replies":[{"embeddable":true,"href":"https:\/\/biblioteka.vlo.poznan.pl\/index.php?rest_route=%2Fwp%2Fv2%2Fcomments&post=17"}],"version-history":[{"count":61,"href":"https:\/\/biblioteka.vlo.poznan.pl\/index.php?rest_route=\/wp\/v2\/pages\/17\/revisions"}],"predecessor-version":[{"id":5481,"href":"https:\/\/biblioteka.vlo.poznan.pl\/index.php?rest_route=\/wp\/v2\/pages\/17\/revisions\/5481"}],"wp:attachment":[{"href":"https:\/\/biblioteka.vlo.poznan.pl\/index.php?rest_route=%2Fwp%2Fv2%2Fmedia&parent=17"}],"curies":[{"name":"wp","href":"https:\/\/api.w.org\/{rel}","templated":true}]}}